{"id":44,"date":"2024-03-14T16:15:42","date_gmt":"2024-03-14T20:15:42","guid":{"rendered":"https:\/\/bonisuba.com\/?page_id=44"},"modified":"2024-03-19T08:46:49","modified_gmt":"2024-03-19T12:46:49","slug":"about-boni-suba","status":"publish","type":"page","link":"https:\/\/bonisuba.com\/fr\/about-boni-suba\/","title":{"rendered":"\u00c0 propos de Boni Suba"},"content":{"rendered":"<div data-elementor-type=\"wp-page\" data-elementor-id=\"44\" class=\"elementor elementor-44\" data-elementor-post-type=\"page\">\n\t\t\t\t<div class=\"elementor-element elementor-element-459a228e e-flex e-con-boxed e-con e-parent\" data-id=\"459a228e\" data-element_type=\"container\" data-settings=\"{&quot;background_background&quot;:&quot;classic&quot;}\" data-core-v316-plus=\"true\">\n\t\t\t\t\t<div class=\"e-con-inner\">\n\t\t<div class=\"elementor-element elementor-element-7b0bde6f e-con-full e-flex e-con e-child\" data-id=\"7b0bde6f\" data-element_type=\"container\" data-settings=\"{&quot;background_background&quot;:&quot;classic&quot;}\">\n\t\t\t\t<\/div>\n\t\t<div class=\"elementor-element elementor-element-7a31926b e-con-full e-flex e-con e-child\" data-id=\"7a31926b\" data-element_type=\"container\">\n\t\t\t\t<div class=\"elementor-element elementor-element-ec6209b elementor-widget elementor-widget-heading\" data-id=\"ec6209b\" data-element_type=\"widget\" data-widget_type=\"heading.default\">\n\t\t\t\t<div class=\"elementor-widget-container\">\n\t\t\t<style>\/*! elementor - v3.20.0 - 13-03-2024 *\/\n.elementor-heading-title{padding:0;margin:0;line-height:1}.elementor-widget-heading .elementor-heading-title[class*=elementor-size-]>a{color:inherit;font-size:inherit;line-height:inherit}.elementor-widget-heading .elementor-heading-title.elementor-size-small{font-size:15px}.elementor-widget-heading .elementor-heading-title.elementor-size-medium{font-size:19px}.elementor-widget-heading .elementor-heading-title.elementor-size-large{font-size:29px}.elementor-widget-heading .elementor-heading-title.elementor-size-xl{font-size:39px}.elementor-widget-heading .elementor-heading-title.elementor-size-xxl{font-size:59px}<\/style><h2 class=\"elementor-heading-title elementor-size-default\">Qui nous sommes<\/h2>\t\t<\/div>\n\t\t\t\t<\/div>\n\t\t\t\t<div class=\"elementor-element elementor-element-b0fdbd5 elementor-widget elementor-widget-text-editor\" data-id=\"b0fdbd5\" data-element_type=\"widget\" data-widget_type=\"text-editor.default\">\n\t\t\t\t<div class=\"elementor-widget-container\">\n\t\t\t<style>\/*! elementor - v3.20.0 - 13-03-2024 *\/\n.elementor-widget-text-editor.elementor-drop-cap-view-stacked .elementor-drop-cap{background-color:#69727d;color:#fff}.elementor-widget-text-editor.elementor-drop-cap-view-framed .elementor-drop-cap{color:#69727d;border:3px solid;background-color:transparent}.elementor-widget-text-editor:not(.elementor-drop-cap-view-default) .elementor-drop-cap{margin-top:8px}.elementor-widget-text-editor:not(.elementor-drop-cap-view-default) .elementor-drop-cap-letter{width:1em;height:1em}.elementor-widget-text-editor .elementor-drop-cap{float:left;text-align:center;line-height:1;font-size:50px}.elementor-widget-text-editor .elementor-drop-cap-letter{display:inline-block}<\/style>\t\t\t\t<p><strong>D\u00e9panneur Boni Suba<\/strong> est un mod\u00e8le de service et de qualit\u00e9 exceptionnels dans le secteur des d\u00e9panneurs. En activit\u00e9 depuis mars 2002, nous nous engageons \u00e0 servir la population du Qu\u00e9bec avec le plus grand d\u00e9vouement. Depuis nos humbles d\u00e9buts jusqu\u2019\u00e0 notre \u00e9tablissement actuel, nous sommes fiers de notre engagement in\u00e9branlable envers la satisfaction de nos clients. Rejoignez-nous dans notre voyage alors que nous continuons \u00e0 red\u00e9finir la commodit\u00e9 et \u00e0 am\u00e9liorer l&#039;exp\u00e9rience de magasinage de nos pr\u00e9cieux clients.<\/p>\t\t\t\t\t\t<\/div>\n\t\t\t\t<\/div>\n\t\t\t\t<\/div>\n\t\t\t\t\t<\/div>\n\t\t\t\t<\/div>\n\t\t<div class=\"elementor-element elementor-element-46bd07b e-flex e-con-boxed e-con e-parent\" data-id=\"46bd07b\" data-element_type=\"container\" data-settings=\"{&quot;background_background&quot;:&quot;classic&quot;}\" data-core-v316-plus=\"true\">\n\t\t\t\t\t<div class=\"e-con-inner\">\n\t\t<div class=\"elementor-element elementor-element-2b2c58f e-con-full e-flex e-con e-child\" data-id=\"2b2c58f\" data-element_type=\"container\">\n\t\t\t\t<div class=\"elementor-element elementor-element-3d80d20 elementor-widget elementor-widget-heading\" data-id=\"3d80d20\" data-element_type=\"widget\" data-widget_type=\"heading.default\">\n\t\t\t\t<div class=\"elementor-widget-container\">\n\t\t\t<h2 class=\"elementor-heading-title elementor-size-default\">Notre mission<\/h2>\t\t<\/div>\n\t\t\t\t<\/div>\n\t\t\t\t<div class=\"elementor-element elementor-element-b2c9d34 elementor-widget elementor-widget-text-editor\" data-id=\"b2c9d34\" data-element_type=\"widget\" data-widget_type=\"text-editor.default\">\n\t\t\t\t<div class=\"elementor-widget-container\">\n\t\t\t\t\t\t\t<p>\u00c0 <strong>D\u00e9panneur Boni Suba<\/strong>, notre mission est claire : donner la priorit\u00e9 \u00e0 nos clients avant tout en leur offrant le meilleur service possible. Votre satisfaction est primordiale, guidant chaque d\u00e9cision que nous prenons et nous remplissant de fiert\u00e9.<\/p>\t\t\t\t\t\t<\/div>\n\t\t\t\t<\/div>\n\t\t\t\t<\/div>\n\t\t<div class=\"elementor-element elementor-element-17ac2a4 e-con-full e-flex e-con e-child\" data-id=\"17ac2a4\" data-element_type=\"container\" data-settings=\"{&quot;background_background&quot;:&quot;classic&quot;}\">\n\t\t\t\t<\/div>\n\t\t\t\t\t<\/div>\n\t\t\t\t<\/div>\n\t\t\t\t<\/div>","protected":false},"excerpt":{"rendered":"<p>Who We Are D\u00e9panneur Boni Suba stands as a beacon of exceptional service and quality in the convenience store industry. Operating since March 2002, we&#8217;ve been committed to serving the people of Qu\u00e9bec with utmost dedication. From our humble beginnings to our present-day establishment, we take pride in our unwavering commitment to customer satisfaction. Join [&hellip;]<\/p>","protected":false},"author":2,"featured_media":264,"parent":0,"menu_order":0,"comment_status":"closed","ping_status":"closed","template":"","meta":{"_acf_changed":false,"footnotes":""},"class_list":["post-44","page","type-page","status-publish","has-post-thumbnail","hentry"],"acf":[],"_links":{"self":[{"href":"https:\/\/bonisuba.com\/fr\/wp-json\/wp\/v2\/pages\/44","targetHints":{"allow":["GET"]}}],"collection":[{"href":"https:\/\/bonisuba.com\/fr\/wp-json\/wp\/v2\/pages"}],"about":[{"href":"https:\/\/bonisuba.com\/fr\/wp-json\/wp\/v2\/types\/page"}],"author":[{"embeddable":true,"href":"https:\/\/bonisuba.com\/fr\/wp-json\/wp\/v2\/users\/2"}],"replies":[{"embeddable":true,"href":"https:\/\/bonisuba.com\/fr\/wp-json\/wp\/v2\/comments?post=44"}],"version-history":[{"count":32,"href":"https:\/\/bonisuba.com\/fr\/wp-json\/wp\/v2\/pages\/44\/revisions"}],"predecessor-version":[{"id":306,"href":"https:\/\/bonisuba.com\/fr\/wp-json\/wp\/v2\/pages\/44\/revisions\/306"}],"wp:featuredmedia":[{"embeddable":true,"href":"https:\/\/bonisuba.com\/fr\/wp-json\/wp\/v2\/media\/264"}],"wp:attachment":[{"href":"https:\/\/bonisuba.com\/fr\/wp-json\/wp\/v2\/media?parent=44"}],"curies":[{"name":"wp","href":"https:\/\/api.w.org\/{rel}","templated":true}]}}