{"id":37,"date":"2024-03-14T16:13:41","date_gmt":"2024-03-14T20:13:41","guid":{"rendered":"https:\/\/bonisuba.com\/?page_id=37"},"modified":"2024-03-16T11:57:45","modified_gmt":"2024-03-16T15:57:45","slug":"store-locator","status":"publish","type":"page","link":"https:\/\/bonisuba.com\/fr\/store-locator\/","title":{"rendered":"Localisateur de magasin"},"content":{"rendered":"<div data-elementor-type=\"wp-page\" data-elementor-id=\"37\" class=\"elementor elementor-37\" data-elementor-post-type=\"page\">\n\t\t\t\t<div class=\"elementor-element elementor-element-dc0e1bb e-flex e-con-boxed e-con e-parent\" data-id=\"dc0e1bb\" data-element_type=\"container\" data-core-v316-plus=\"true\">\n\t\t\t\t\t<div class=\"e-con-inner\">\n\t\t<div class=\"elementor-element elementor-element-1ef0a64 e-con-full e-flex e-con e-child\" data-id=\"1ef0a64\" data-element_type=\"container\">\n\t\t\t\t<div class=\"elementor-element elementor-element-55003d2 elementor-widget elementor-widget-text-editor\" data-id=\"55003d2\" data-element_type=\"widget\" data-widget_type=\"text-editor.default\">\n\t\t\t\t<div class=\"elementor-widget-container\">\n\t\t\t<style>\/*! elementor - v3.20.0 - 13-03-2024 *\/\n.elementor-widget-text-editor.elementor-drop-cap-view-stacked .elementor-drop-cap{background-color:#69727d;color:#fff}.elementor-widget-text-editor.elementor-drop-cap-view-framed .elementor-drop-cap{color:#69727d;border:3px solid;background-color:transparent}.elementor-widget-text-editor:not(.elementor-drop-cap-view-default) .elementor-drop-cap{margin-top:8px}.elementor-widget-text-editor:not(.elementor-drop-cap-view-default) .elementor-drop-cap-letter{width:1em;height:1em}.elementor-widget-text-editor .elementor-drop-cap{float:left;text-align:center;line-height:1;font-size:50px}.elementor-widget-text-editor .elementor-drop-cap-letter{display:inline-block}<\/style>\t\t\t\t<p>Entrez simplement votre emplacement ci-dessous ou cliquez sur \u00ab Utiliser ma position \u00bb pour trouver notre emplacement le plus proche. <strong>D\u00e9panneur Boni Suba<\/strong> Magasins sur la carte ou vous pouvez s\u00e9lectionner un emplacement dans le panneau \u00ab\u00a0Nos magasins\u00a0\u00bb<\/p>\t\t\t\t\t\t<\/div>\n\t\t\t\t<\/div>\n\t\t\t\t<div class=\"elementor-element elementor-element-8640b59 elementor-widget elementor-widget-shortcode\" data-id=\"8640b59\" data-element_type=\"widget\" data-widget_type=\"shortcode.default\">\n\t\t\t\t<div class=\"elementor-widget-container\">\n\t\t\t\t\t<div class=\"elementor-shortcode\"> <style type=\"text\/css\">\n  .asl-p-cont .asl-print-btn,.asl-cont .asl-print-btn {display: none !important;}  .asl-cont .onoffswitch .onoffswitch-label .onoffswitch-switch:before {content: \"OUVERT\" !important;}\n  .asl-cont .onoffswitch .onoffswitch-label .onoffswitch-switch:after {content: \"TOUT\" !important;}\n  @media (max-width: 767px) {\n  #asl-storelocator.asl-cont .asl-panel {order: 2;}\n  }\n  .asl-cont .sl-hide-branches,\n  .asl-cont .sl-hide-branches:hover {color: #FFF !important; text-decoration: none !important;cursor: pointer;}\n  .sl-hide-branches + .asl-print-btn {display: none !important;}\n<\/style>\n<div id=\"asl-storelocator\" class=\"storelocator-main asl-cont asl-template-1 asl-layout-0 asl-bg-3 full-width no-asl-filters  asl-text-1\">\n  <div class=\"asl-wrapper\">\n    <div class=\"sl-container-fluid\">\n            <div class=\"Filter_section\">\n        <div class=\"sl-row\">\n          <div class=\"sl-form-group search_filter\">\n            <label for=\"auto-complete-search\">Emplacement de recherche<\/label>\n            <div class=\"sl-search-group d-flex\">\n               <input type=\"text\" value=\"\" data-submit=\"disable\" id=\"auto-complete-search\" placeholder=\"Ville ou code postal\"  class=\"asl-search-address form-control isp_ignore\">\n               <button aria-label=\"Localisation actuelle\" title=\"Localisation actuelle\" type=\"button\" class=\"span-geo\"><i class=\"asl-geo icon-direction-outline\"><\/i><\/button>\n            <\/div>\n          <\/div>\n          <div class=\"sl-form-group range_filter hide asl-ddl-filters\">\n            <label for=\"asl-radius-slide\">In<\/label>\n            <div class=\"rangeFilter asl-filter-cntrl\">\n              <input id=\"asl-radius-slide\" type=\"text\" class=\"span2\" \/>\n              <span class=\"rad-unit\">Rayon: <span id=\"asl-radius-input\"><\/span><span id=\"asl-dist-unit\">Km<\/span><\/span>\n            <\/div>\n          <\/div>\n          <div class=\"sl-form-group Status_filter\">\n            <div class=\"asl-filter-cntrl\">\n               <div class=\"onoffswitch\">\n                  <input type=\"checkbox\" name=\"onoffswitch\" class=\"onoffswitch-checkbox\" id=\"asl-open-close\" checked>\n                  <label aria-label=\"Opened Stores\" title=\"Opened Stores\" class=\"onoffswitch-label\" for=\"asl-open-close\">\n                  <span class=\"onoffswitch-inner\"><\/span>\n                  <span class=\"onoffswitch-switch\"><\/span>\n                  <\/label>\n               <\/div>\n            <\/div>\n          <\/div>\n        <\/div>\n        <div class=\"asl-advance-filters hide\">\n          <div class=\"sl-row\">\n                                              <\/div>\n        <\/div>\n      <\/div>\n      <div class=\"sl-row\">\n        <div class=\"pol-12\">\n            <div class=\"sl-main-cont\">\n                <div class=\"sl-row no-gutters sl-main-row\">\n                    <div id=\"asl-panel\" class=\"asl-panel pol-md-5 pol-lg-4 asl_locator-panel\">\n                        <div class=\"asl-overlay\" id=\"map-loading\">\n                            <div class=\"white\"><\/div>\n                            <div class=\"sl-loading\">\n                              <i class=\"animate-sl-spin icon-spin3\"><\/i>\n                              Chargement...                            <\/div>\n                        <\/div>\n                        <!-- list -->\n                        <div class=\"asl-panel-inner\">\n                            <div class=\"top-title Num_of_store\">\n                              <span><span class=\"sl-head-title\">Nos magasins<\/span>: <span class=\"count-result\">0<\/span><\/span>\n                                                              <a class=\"asl-print-btn\"><span>PRINT<\/span><span class=\"asl-print\"><\/span><\/a>\n                                                          <\/div>\n                            <div class=\"sl-main-cont-box\">\n                              <div id=\"asl-list\" class=\"sl-list-wrapper\">\n                                <ul id=\"p-statelist\" class=\"sl-list\">\n                                <\/ul>\n                              <\/div>\n                            <\/div>\n                        <\/div>\n                        <div class=\"directions-cont hide\">\n                            <div class=\"agile-modal-header\">\n                                <button type=\"button\" class=\"close\"><span aria-hidden=\"true\">\u00d7<\/span><\/button>\n                                <h4>Direction du magasin<\/h4>\n                            <\/div>\n                            <div class=\"rendered-directions\" id=\"asl-rendered-dir\" style=\"direction: ltr;\"><\/div>\n                        <\/div>\n                    <\/div>\n                    <div class=\"pol-md-7 pol-lg-8 asl-map\">\n                        <div class=\"map-image\">\n                            <div id=\"asl-map-canv\" class=\"asl-map-canv\"><\/div>\n                            <div id=\"agile-modal-direction\" class=\"agile-modal fade\">\n    <div class=\"agile-modal-backdrop-in\"><\/div>\n    <div class=\"agile-modal-dialog in\">\n        <div class=\"agile-modal-content\">\n            <div class=\"sl-form-group d-flex justify-content-between\">\n                <h4 >OBTENIR DES DIRECTIONS<\/h4>\n                <button type=\"button\" class=\"close-directions sl-close\" data-dismiss=\"agile-modal\" aria-label=\"Fermer\">\u00d7<\/button>\n            <\/div>\n            <div class=\"sl-form-group\">\n                <label for=\"frm-lbl\">De:<\/label>\n                <input type=\"text\" class=\"form-control frm-place\" id=\"frm-lbl\" placeholder=\"Ville ou code postal\">\n            <\/div>\n            <div class=\"sl-form-group\">\n                <label for=\"to-lbl\">\u00c0:<\/label>\n                <input readonly=\"true\" type=\"text\"  class=\"directions-to form-control\" id=\"to-lbl\" placeholder=\"Adresse de destination pr\u00e9remplie\">\n            <\/div>\n            <div class=\"sl-form-group mb-0\">\n                <label for=\"rbtn-km\" class=\"checkbox-inline\">\n                    <input type=\"radio\" name=\"dist-type\"  id=\"rbtn-km\" value=\"0\"> Km                <\/label>\n                <label for=\"rbtn-mile\" class=\"checkbox-inline\">\n                    <input type=\"radio\" name=\"dist-type\" checked id=\"rbtn-mile\" value=\"1\"> Milles                <\/label>\n            <\/div>\n            <div class=\"sl-form-group mb-0\">\n                <button type=\"submit\" class=\"btn btn-default btn-submit\">OBTENIR DES DIRECTIONS<\/button>\n            <\/div>\n        <\/div>\n    <\/div>\n<\/div>\n\n<div id=\"asl-geolocation-agile-modal\" class=\"agile-modal fade\">\n  <div class=\"agile-modal-backdrop-in\"><\/div>\n  <div class=\"agile-modal-dialog in\">\n    <div class=\"agile-modal-content\">\n            <div class=\"sl-form-group d-flex justify-content-between\">\n        <h5>Utilisez ma position pour trouver le fournisseur de services le plus proche de chez moi<\/h5>\n        <button type=\"button\" class=\"close-directions sl-close\" data-dismiss=\"agile-modal\" aria-label=\"Fermer\" aria-hidden=\"true\">\u00d7<\/button>\n      <\/div>\n      <div class=\"sl-form-group text-center mb-0\">\n        <button type=\"button\" id=\"asl-btn-geolocation\" class=\"btn btn-block btn-default\">UTILISER L&#039;EMPLACEMENT<\/button>\n      <\/div>\n          <\/div>\n  <\/div>\n<\/div>\n\n<div id=\"asl-desc-agile-modal\" class=\"agile-modal fade\">\n  <div class=\"agile-modal-backdrop-in\"><\/div>\n  <div class=\"agile-modal-dialog in\">\n    <div class=\"agile-modal-content\">\n      <div class=\"sl-row\">\n        <div class=\"pol-md-12\">\n          <div class=\"sl-form-group d-flex justify-content-between\">\n            <h4 class=\"sl-title\">Description<\/h4>\n            <button type=\"button\" class=\"close-directions sl-close\" data-dismiss=\"agile-modal\" aria-label=\"Fermer\">\u00d7<\/button>\n          <\/div>\n          <div class=\"sl-desc\"><\/div>\n        <\/div>\n      <\/div>\n    <\/div>\n  <\/div>\n<\/div>                        <\/div>\n                    <\/div>\n                <\/div>\n            <\/div>\n        <\/div>\n      <\/div>\n    <\/div>\n  <\/div>\n<\/div>\n<!-- This plugin is developed by \"Agile Store Locator by WordPress\" https:\/\/agilestorelocator.com --><\/div>\n\t\t\t\t<\/div>\n\t\t\t\t<\/div>\n\t\t\t\t<div class=\"elementor-element elementor-element-e559d06 elementor-widget elementor-widget-text-editor\" data-id=\"e559d06\" data-element_type=\"widget\" data-widget_type=\"text-editor.default\">\n\t\t\t\t<div class=\"elementor-widget-container\">\n\t\t\t\t\t\t\t<p>Si rien n&#039;est trouv\u00e9 dans la gamme s\u00e9lectionn\u00e9e, les magasins les plus proches seront toujours affich\u00e9s m\u00eame s&#039;ils font partie de la gamme choisie.<\/p>\t\t\t\t\t\t<\/div>\n\t\t\t\t<\/div>\n\t\t\t\t<\/div>\n\t\t\t\t\t<\/div>\n\t\t\t\t<\/div>\n\t\t\t\t<\/div>","protected":false},"excerpt":{"rendered":"<p>Simply enter your location below or\u00a0click \u2018use my location\u2019 to find our nearest D\u00e9panneur Boni Suba Stores on the map or you can select a location from \u2018Our Stores\u2019 Panel If nothing is found in your selected range, it will still show the nearest stores even if they&#8217;re our of your choosen range<\/p>","protected":false},"author":2,"featured_media":114,"parent":0,"menu_order":0,"comment_status":"closed","ping_status":"closed","template":"","meta":{"_acf_changed":false,"footnotes":""},"class_list":["post-37","page","type-page","status-publish","has-post-thumbnail","hentry"],"acf":[],"_links":{"self":[{"href":"https:\/\/bonisuba.com\/fr\/wp-json\/wp\/v2\/pages\/37","targetHints":{"allow":["GET"]}}],"collection":[{"href":"https:\/\/bonisuba.com\/fr\/wp-json\/wp\/v2\/pages"}],"about":[{"href":"https:\/\/bonisuba.com\/fr\/wp-json\/wp\/v2\/types\/page"}],"author":[{"embeddable":true,"href":"https:\/\/bonisuba.com\/fr\/wp-json\/wp\/v2\/users\/2"}],"replies":[{"embeddable":true,"href":"https:\/\/bonisuba.com\/fr\/wp-json\/wp\/v2\/comments?post=37"}],"version-history":[{"count":9,"href":"https:\/\/bonisuba.com\/fr\/wp-json\/wp\/v2\/pages\/37\/revisions"}],"predecessor-version":[{"id":196,"href":"https:\/\/bonisuba.com\/fr\/wp-json\/wp\/v2\/pages\/37\/revisions\/196"}],"wp:featuredmedia":[{"embeddable":true,"href":"https:\/\/bonisuba.com\/fr\/wp-json\/wp\/v2\/media\/114"}],"wp:attachment":[{"href":"https:\/\/bonisuba.com\/fr\/wp-json\/wp\/v2\/media?parent=37"}],"curies":[{"name":"wp","href":"https:\/\/api.w.org\/{rel}","templated":true}]}}